{"id":3365,"date":"2024-10-31T21:06:33","date_gmt":"2024-10-31T20:06:33","guid":{"rendered":"https:\/\/maisonroula.com\/?post_type=product&#038;p=3365"},"modified":"2024-12-24T16:39:20","modified_gmt":"2024-12-24T15:39:20","slug":"french-riviera","status":"publish","type":"product","link":"https:\/\/maisonroula.com\/en\/product\/french-riviera\/","title":{"rendered":"French Riviera"},"content":{"rendered":"<ul>\n<li>Fabric: Hand-embroidered tulle.<\/li>\n<li>V-shaped corset.<\/li>\n<li>A-line skirt.<\/li>\n<li>V-shaped back.<\/li>\n<li>Opening on the left side of the dress starting 25 cm below the waist. Can be modified on request. (please contact us).<\/li>\n<li>The dress has a 50 cm train.<\/li>\n<li>The model measures 170 cm.<br \/>\n<strong>Note<\/strong> The dresses in the photoshoot have no lining.<br \/>\n<strong>N.B.<\/strong> : Sourcing from our inventory, where appropriate, is an environmentally-friendly approach. The textile industry is very polluting. By using available materials first, we ensure that we consume what we order and don't waste anything.<\/li>\n<\/ul>\n<p>&nbsp;<\/p>","protected":false},"excerpt":{"rendered":"<p>Tissu : Tulle brod\u00e9 \u00e0 la main. Corset en V. Jupe en ligne. Forme en V dans le dos. Ouverture sur le c\u00f4t\u00e9 gauche de la robe qui commence \u00e0 25 cm en dessous de la taille. Peut \u00eatre modifi\u00e9 sur demande. (veuillez nous contacter). La tra\u00eene de la robe est de 50 cm. Le [&hellip;]<\/p>\n","protected":false},"featured_media":3520,"template":"","meta":[],"product_brand":[],"product_cat":[47,49],"product_tag":[],"class_list":{"0":"post-3365","1":"product","2":"type-product","3":"status-publish","4":"has-post-thumbnail","6":"product_cat-boutique","7":"product_cat-le-mariage","9":"first","10":"instock","11":"shipping-taxable","12":"purchasable","13":"product-type-simple"},"ct_brands":[],"_links":{"self":[{"href":"https:\/\/maisonroula.com\/en\/wp-json\/wp\/v2\/product\/3365","targetHints":{"allow":["GET"]}}],"collection":[{"href":"https:\/\/maisonroula.com\/en\/wp-json\/wp\/v2\/product"}],"about":[{"href":"https:\/\/maisonroula.com\/en\/wp-json\/wp\/v2\/types\/product"}],"version-history":[{"count":5,"href":"https:\/\/maisonroula.com\/en\/wp-json\/wp\/v2\/product\/3365\/revisions"}],"predecessor-version":[{"id":5259,"href":"https:\/\/maisonroula.com\/en\/wp-json\/wp\/v2\/product\/3365\/revisions\/5259"}],"wp:featuredmedia":[{"embeddable":true,"href":"https:\/\/maisonroula.com\/en\/wp-json\/wp\/v2\/media\/3520"}],"wp:attachment":[{"href":"https:\/\/maisonroula.com\/en\/wp-json\/wp\/v2\/media?parent=3365"}],"wp:term":[{"taxonomy":"product_brand","embeddable":true,"href":"https:\/\/maisonroula.com\/en\/wp-json\/wp\/v2\/product_brand?post=3365"},{"taxonomy":"product_cat","embeddable":true,"href":"https:\/\/maisonroula.com\/en\/wp-json\/wp\/v2\/product_cat?post=3365"},{"taxonomy":"product_tag","embeddable":true,"href":"https:\/\/maisonroula.com\/en\/wp-json\/wp\/v2\/product_tag?post=3365"}],"curies":[{"name":"wp","href":"https:\/\/api.w.org\/{rel}","templated":true}]}}